{"id":1264,"date":"2018-01-21T09:26:40","date_gmt":"2018-01-21T08:26:40","guid":{"rendered":"http:\/\/www.mons-placard.be\/?page_id=1264"},"modified":"2022-12-05T20:24:53","modified_gmt":"2022-12-05T19:24:53","slug":"info","status":"publish","type":"page","link":"https:\/\/www.mons-placard.be\/index.php\/info\/","title":{"rendered":"Info"},"content":{"rendered":"<div id=\"pl-1264\"  class=\"panel-layout\" ><div id=\"pg-1264-0\"  class=\"panel-grid panel-no-style\" ><div id=\"pgc-1264-0-0\"  class=\"panel-grid-cell\" ><div id=\"panel-1264-0-0-0\" class=\"so-panel widget widget_sow-editor panel-first-child panel-last-child\" data-index=\"0\" ><div\n\t\t\t\n\t\t\tclass=\"so-widget-sow-editor so-widget-sow-editor-base\"\n\t\t\t\n\t\t>\n<div class=\"siteorigin-widget-tinymce textwidget\">\n\t<p><span style=\"color: #999999;\"><em>Chez Mons Placard &amp; Dressing nous r\u00e9alisons \u00e9galement des am\u00e9nagements d'int\u00e9rieur de magasins. Sur les photos qui suivent vous pouvez voir l'am\u00e9nagement d'un tout nouveau magasin de chaussures situ\u00e9 \u00e0 St-Ghislain.&nbsp;<\/em><\/span><\/p>\n<\/div>\n<\/div><\/div><\/div><\/div><div id=\"pg-1264-1\"  class=\"panel-grid panel-no-style\" ><div id=\"pgc-1264-1-0\"  class=\"panel-grid-cell\" ><div id=\"panel-1264-1-0-0\" class=\"so-panel widget widget_sow-image panel-first-child panel-last-child\" data-index=\"1\" ><div class=\"panel-widget-style panel-widget-style-for-1264-1-0-0\" ><div\n\t\t\t\n\t\t\tclass=\"so-widget-sow-image so-widget-sow-image-default-8b5b6f678277-1264\"\n\t\t\t\n\t\t>\n\n<div class=\"sow-image-container\">\n\t\t<img loading=\"lazy\" decoding=\"async\" src=\"https:\/\/www.mons-placard.be\/wp-content\/uploads\/2018\/03\/MagasinIMG_2285.jpg\" width=\"4032\" height=\"3024\" srcset=\"https:\/\/www.mons-placard.be\/wp-content\/uploads\/2018\/03\/MagasinIMG_2285.jpg 4032w, https:\/\/www.mons-placard.be\/wp-content\/uploads\/2018\/03\/MagasinIMG_2285-300x225.jpg 300w, https:\/\/www.mons-placard.be\/wp-content\/uploads\/2018\/03\/MagasinIMG_2285-768x576.jpg 768w, https:\/\/www.mons-placard.be\/wp-content\/uploads\/2018\/03\/MagasinIMG_2285-1024x768.jpg 1024w\" sizes=\"auto, (max-width: 4032px) 100vw, 4032px\" alt=\"\" \t\tclass=\"so-widget-image\"\/>\n\t<\/div>\n\n<\/div><\/div><\/div><\/div><div id=\"pgc-1264-1-1\"  class=\"panel-grid-cell\" ><div id=\"panel-1264-1-1-0\" class=\"so-panel widget widget_sow-image panel-first-child panel-last-child\" data-index=\"2\" ><div class=\"panel-widget-style panel-widget-style-for-1264-1-1-0\" ><div\n\t\t\t\n\t\t\tclass=\"so-widget-sow-image so-widget-sow-image-default-8b5b6f678277-1264\"\n\t\t\t\n\t\t>\n\n<div class=\"sow-image-container\">\n\t\t<img loading=\"lazy\" decoding=\"async\" src=\"https:\/\/www.mons-placard.be\/wp-content\/uploads\/2018\/03\/MagasinIMG_2288.jpg\" width=\"4032\" height=\"3024\" srcset=\"https:\/\/www.mons-placard.be\/wp-content\/uploads\/2018\/03\/MagasinIMG_2288.jpg 4032w, https:\/\/www.mons-placard.be\/wp-content\/uploads\/2018\/03\/MagasinIMG_2288-300x225.jpg 300w, https:\/\/www.mons-placard.be\/wp-content\/uploads\/2018\/03\/MagasinIMG_2288-768x576.jpg 768w, https:\/\/www.mons-placard.be\/wp-content\/uploads\/2018\/03\/MagasinIMG_2288-1024x768.jpg 1024w\" sizes=\"auto, (max-width: 4032px) 100vw, 4032px\" alt=\"\" \t\tclass=\"so-widget-image\"\/>\n\t<\/div>\n\n<\/div><\/div><\/div><\/div><\/div><div id=\"pg-1264-2\"  class=\"panel-grid panel-no-style\" ><div id=\"pgc-1264-2-0\"  class=\"panel-grid-cell\" ><div id=\"panel-1264-2-0-0\" class=\"so-panel widget widget_sow-image panel-first-child panel-last-child\" data-index=\"3\" ><div class=\"panel-widget-style panel-widget-style-for-1264-2-0-0\" ><div\n\t\t\t\n\t\t\tclass=\"so-widget-sow-image so-widget-sow-image-default-8b5b6f678277-1264\"\n\t\t\t\n\t\t>\n\n<div class=\"sow-image-container\">\n\t\t<img loading=\"lazy\" decoding=\"async\" src=\"https:\/\/www.mons-placard.be\/wp-content\/uploads\/2018\/03\/MagasinIMG_2286.jpg\" width=\"4032\" height=\"3024\" srcset=\"https:\/\/www.mons-placard.be\/wp-content\/uploads\/2018\/03\/MagasinIMG_2286.jpg 4032w, https:\/\/www.mons-placard.be\/wp-content\/uploads\/2018\/03\/MagasinIMG_2286-300x225.jpg 300w, https:\/\/www.mons-placard.be\/wp-content\/uploads\/2018\/03\/MagasinIMG_2286-768x576.jpg 768w, https:\/\/www.mons-placard.be\/wp-content\/uploads\/2018\/03\/MagasinIMG_2286-1024x768.jpg 1024w\" sizes=\"auto, (max-width: 4032px) 100vw, 4032px\" alt=\"\" \t\tclass=\"so-widget-image\"\/>\n\t<\/div>\n\n<\/div><\/div><\/div><\/div><div id=\"pgc-1264-2-1\"  class=\"panel-grid-cell\" ><div id=\"panel-1264-2-1-0\" class=\"so-panel widget widget_sow-image panel-first-child panel-last-child\" data-index=\"4\" ><div class=\"panel-widget-style panel-widget-style-for-1264-2-1-0\" ><div\n\t\t\t\n\t\t\tclass=\"so-widget-sow-image so-widget-sow-image-default-8b5b6f678277-1264\"\n\t\t\t\n\t\t>\n\n<div class=\"sow-image-container\">\n\t\t<img loading=\"lazy\" decoding=\"async\" src=\"https:\/\/www.mons-placard.be\/wp-content\/uploads\/2018\/03\/MagasinIMG_2290.jpg\" width=\"4032\" height=\"3024\" srcset=\"https:\/\/www.mons-placard.be\/wp-content\/uploads\/2018\/03\/MagasinIMG_2290.jpg 4032w, https:\/\/www.mons-placard.be\/wp-content\/uploads\/2018\/03\/MagasinIMG_2290-300x225.jpg 300w, https:\/\/www.mons-placard.be\/wp-content\/uploads\/2018\/03\/MagasinIMG_2290-768x576.jpg 768w, https:\/\/www.mons-placard.be\/wp-content\/uploads\/2018\/03\/MagasinIMG_2290-1024x768.jpg 1024w\" sizes=\"auto, (max-width: 4032px) 100vw, 4032px\" alt=\"\" \t\tclass=\"so-widget-image\"\/>\n\t<\/div>\n\n<\/div><\/div><\/div><\/div><div id=\"pgc-1264-2-2\"  class=\"panel-grid-cell\" ><div id=\"panel-1264-2-2-0\" class=\"so-panel widget widget_sow-image panel-first-child panel-last-child\" data-index=\"5\" ><div class=\"panel-widget-style panel-widget-style-for-1264-2-2-0\" ><div\n\t\t\t\n\t\t\tclass=\"so-widget-sow-image so-widget-sow-image-default-8b5b6f678277-1264\"\n\t\t\t\n\t\t>\n\n<div class=\"sow-image-container\">\n\t\t<img loading=\"lazy\" decoding=\"async\" src=\"https:\/\/www.mons-placard.be\/wp-content\/uploads\/2018\/03\/MagasinIMG_2291.jpg\" width=\"4032\" height=\"3024\" srcset=\"https:\/\/www.mons-placard.be\/wp-content\/uploads\/2018\/03\/MagasinIMG_2291.jpg 4032w, https:\/\/www.mons-placard.be\/wp-content\/uploads\/2018\/03\/MagasinIMG_2291-300x225.jpg 300w, https:\/\/www.mons-placard.be\/wp-content\/uploads\/2018\/03\/MagasinIMG_2291-768x576.jpg 768w, https:\/\/www.mons-placard.be\/wp-content\/uploads\/2018\/03\/MagasinIMG_2291-1024x768.jpg 1024w\" sizes=\"auto, (max-width: 4032px) 100vw, 4032px\" alt=\"\" \t\tclass=\"so-widget-image\"\/>\n\t<\/div>\n\n<\/div><\/div><\/div><\/div><\/div><\/div>","protected":false},"excerpt":{"rendered":"<p>Chez Mons Placard &amp; Dressing nous r\u00e9alisons \u00e9galement des am\u00e9nagements d&rsquo;int\u00e9rieur de magasins. Sur les photos qui suivent vous pouvez voir l&rsquo;am\u00e9nagement d&rsquo;un tout nouveau magasin de chaussures situ\u00e9 \u00e0 St-Ghislain.&nbsp;<\/p>\n","protected":false},"author":1,"featured_media":0,"parent":0,"menu_order":0,"comment_status":"closed","ping_status":"closed","template":"page-templates\/full-width.php","meta":{"footnotes":""},"class_list":["post-1264","page","type-page","status-publish","hentry"],"_links":{"self":[{"href":"https:\/\/www.mons-placard.be\/index.php\/wp-json\/wp\/v2\/pages\/1264","targetHints":{"allow":["GET"]}}],"collection":[{"href":"https:\/\/www.mons-placard.be\/index.php\/wp-json\/wp\/v2\/pages"}],"about":[{"href":"https:\/\/www.mons-placard.be\/index.php\/wp-json\/wp\/v2\/types\/page"}],"author":[{"embeddable":true,"href":"https:\/\/www.mons-placard.be\/index.php\/wp-json\/wp\/v2\/users\/1"}],"replies":[{"embeddable":true,"href":"https:\/\/www.mons-placard.be\/index.php\/wp-json\/wp\/v2\/comments?post=1264"}],"version-history":[{"count":24,"href":"https:\/\/www.mons-placard.be\/index.php\/wp-json\/wp\/v2\/pages\/1264\/revisions"}],"predecessor-version":[{"id":1376,"href":"https:\/\/www.mons-placard.be\/index.php\/wp-json\/wp\/v2\/pages\/1264\/revisions\/1376"}],"wp:attachment":[{"href":"https:\/\/www.mons-placard.be\/index.php\/wp-json\/wp\/v2\/media?parent=1264"}],"curies":[{"name":"wp","href":"https:\/\/api.w.org\/{rel}","templated":true}]}}