{"id":13,"date":"2014-12-15T15:07:25","date_gmt":"2014-12-15T14:07:25","guid":{"rendered":"http:\/\/localhost:8888\/wordpress\/?page_id=13"},"modified":"2022-12-17T11:47:44","modified_gmt":"2022-12-17T10:47:44","slug":"dressing","status":"publish","type":"page","link":"https:\/\/www.mons-placard.be\/index.php\/dressing\/","title":{"rendered":"Dressings"},"content":{"rendered":"<p style=\"text-align: justify;\"><span style=\"font-size: 24px;\"><span style=\"color: #808080;\"><span style=\"font-family: georgia,serif;\"><em>Les dressings<\/em><\/span><\/span><\/span><\/p>\n<p style=\"text-align: justify;\"><span style=\"font-size: 14px;\"><span style=\"font-family: georgia,serif;\"><em><span style=\"color: #808080;\">Les dressings sont souvent d\u00e9pourvus de portes, pour vous permettre de&nbsp;<\/span><\/em><em><span style=\"color: #808080;\">voir toute votre garde-robe en un clin d&rsquo;\u0153il et pour faciliter ainsi le choix et la combinaison de vos v\u00eatements. Nombre d&rsquo;accessoires, tels un support pour v\u00eatements, un porte-cravates, des rayons pour chaussures, des tiroirs, etc\u00e9t\u00e9ra peuvent compl\u00e9ter votre dressing.<\/span><\/em><\/span><\/span><\/p>\n<hr>\n\n\n<div class=\"alignnormal\"><div id=\"metaslider-id-1631\" style=\"max-width: 600px; margin: 0 auto;\" class=\"ml-slider-3-28-0 metaslider metaslider-coin metaslider-1631 ml-slider\">\n    <div id=\"metaslider_container_1631\">\n        <div id='metaslider_1631' class='coin-slider'>\n<a href=\"javascript:void(0)\" target=\"_self\"><img loading=\"lazy\" decoding=\"async\" src=\"https:\/\/www.mons-placard.be\/wp-content\/uploads\/2018\/02\/SAM_7924-600x300.jpg\" height=\"300\" width=\"600\" alt=\"\" class=\"slider-1631 slide-1632\" title=\"SAMSUNG CSC\" style=\"display: none;\" \/><span>SAMSUNG CSC<\/span><\/a>\n<a href=\"javascript:void(0)\" target=\"_self\"><img loading=\"lazy\" decoding=\"async\" src=\"https:\/\/www.mons-placard.be\/wp-content\/uploads\/2018\/01\/IMG_3047-600x300.jpg\" height=\"300\" width=\"600\" alt=\"\" class=\"slider-1631 slide-1633\" title=\"IMG_3047\" style=\"display: none;\" \/><\/a>\n<a href=\"javascript:void(0)\" target=\"_self\"><img loading=\"lazy\" decoding=\"async\" src=\"https:\/\/www.mons-placard.be\/wp-content\/uploads\/2018\/01\/IMG_3056-600x300.jpg\" height=\"300\" width=\"600\" alt=\"\" class=\"slider-1631 slide-1634\" title=\"IMG_3056\" style=\"display: none;\" \/><\/a>\n<a href=\"javascript:void(0)\" target=\"_self\"><img loading=\"lazy\" decoding=\"async\" src=\"https:\/\/www.mons-placard.be\/wp-content\/uploads\/2018\/01\/IMG_3054-e1515837710915-480x240.jpg\" height=\"300\" width=\"600\" alt=\"\" class=\"slider-1631 slide-1635\" title=\"IMG_3054\" style=\"display: none;\" \/><\/a>\n<a href=\"javascript:void(0)\" target=\"_self\"><img loading=\"lazy\" decoding=\"async\" src=\"https:\/\/www.mons-placard.be\/wp-content\/uploads\/2015\/05\/match-1-600x300.jpg\" height=\"300\" width=\"600\" alt=\"\" class=\"slider-1631 slide-1636\" title=\"match-1\" style=\"display: none;\" \/><\/a>\n        <\/div>\n        \n    <\/div>\n<\/div><\/div>\n","protected":false},"excerpt":{"rendered":"<p>Les dressings Les dressings sont souvent d\u00e9pourvus de portes, pour vous permettre de&nbsp;voir toute votre garde-robe en un clin d&rsquo;\u0153il et pour faciliter ainsi le choix et la combinaison de vos v\u00eatements. Nombre d&rsquo;accessoires, tels un support pour v\u00eatements, un porte-cravates, des rayons pour chaussures, des tiroirs, etc\u00e9t\u00e9ra peuvent compl\u00e9ter votre dressing.<\/p>\n","protected":false},"author":1,"featured_media":0,"parent":0,"menu_order":0,"comment_status":"closed","ping_status":"closed","template":"page-templates\/full-width.php","meta":{"footnotes":""},"class_list":["post-13","page","type-page","status-publish","hentry"],"_links":{"self":[{"href":"https:\/\/www.mons-placard.be\/index.php\/wp-json\/wp\/v2\/pages\/13","targetHints":{"allow":["GET"]}}],"collection":[{"href":"https:\/\/www.mons-placard.be\/index.php\/wp-json\/wp\/v2\/pages"}],"about":[{"href":"https:\/\/www.mons-placard.be\/index.php\/wp-json\/wp\/v2\/types\/page"}],"author":[{"embeddable":true,"href":"https:\/\/www.mons-placard.be\/index.php\/wp-json\/wp\/v2\/users\/1"}],"replies":[{"embeddable":true,"href":"https:\/\/www.mons-placard.be\/index.php\/wp-json\/wp\/v2\/comments?post=13"}],"version-history":[{"count":61,"href":"https:\/\/www.mons-placard.be\/index.php\/wp-json\/wp\/v2\/pages\/13\/revisions"}],"predecessor-version":[{"id":1638,"href":"https:\/\/www.mons-placard.be\/index.php\/wp-json\/wp\/v2\/pages\/13\/revisions\/1638"}],"wp:attachment":[{"href":"https:\/\/www.mons-placard.be\/index.php\/wp-json\/wp\/v2\/media?parent=13"}],"curies":[{"name":"wp","href":"https:\/\/api.w.org\/{rel}","templated":true}]}}