{"id":1710,"date":"2024-12-28T16:45:07","date_gmt":"2024-12-28T15:45:07","guid":{"rendered":"https:\/\/www.mons-placard.be\/?page_id=1710"},"modified":"2024-12-28T18:47:41","modified_gmt":"2024-12-28T17:47:41","slug":"news","status":"publish","type":"page","link":"https:\/\/www.mons-placard.be\/index.php\/news\/","title":{"rendered":"News"},"content":{"rendered":"<div id=\"pl-1710\"  class=\"panel-layout\" ><div id=\"pg-1710-0\"  class=\"panel-grid panel-no-style\" ><div id=\"pgc-1710-0-0\"  class=\"panel-grid-cell\" ><div id=\"panel-1710-0-0-0\" class=\"so-panel widget widget_text panel-first-child panel-last-child\" data-index=\"0\" >\t\t\t<div class=\"textwidget\"><p><em><strong>Les derni\u00e8res nouvelles de l\u2019entreprise<\/strong><\/em><\/p>\n<p><em>Dans un souci constant d\u2019offrir \u00e0 ma client\u00e8le des prestations de qualit\u00e9, j\u2019ai investi ces derni\u00e8res ann\u00e9es dans un tout nouveau site de production.<\/em><br \/>\n<em>Ce dernier est \u00e9quip\u00e9 des technologies les plus avanc\u00e9es dans le domaine du travail du bois,<\/em><br \/>\n<em>incluant notamment l\u2019acquisition d\u2019un centre d\u2019usinage CNC 5 axes, gage de pr\u00e9cision et d\u2019efficacit\u00e9.<\/em><\/p>\n<p><em>Conscient qu\u2019il est difficile d\u2019\u00eatre sur tous les fronts, j\u2019ai pris la d\u00e9cision de fermer temporairement le showroom.<\/em><br \/>\n<em>Cependant, un nouveau projet est d\u00e9j\u00e0 en r\u00e9flexion et pourrait voir le jour dans les prochaines ann\u00e9es, pour continuer \u00e0 mieux vous servir.<\/em><\/p>\n<p><em>Par ailleurs, le site internet a \u00e9galement \u00e9t\u00e9 ajust\u00e9 pour plus de praticit\u00e9.<\/em><br \/>\n<em>Vous pouvez d\u00e9sormais d\u00e9couvrir mes derni\u00e8res r\u00e9alisations dans la rubrique <strong>\u201cNos r\u00e9alisations\u201d<\/strong>.<\/em><\/p>\n<p><em>Merci pour votre confiance,<\/em><br \/>\n<strong>Michel Demori<\/strong><\/p>\n<p>&nbsp;<\/p>\n<p>&nbsp;<\/p>\n<p>&nbsp;<\/p>\n<p>&nbsp;<\/p>\n<p>&nbsp;<\/p>\n<\/div>\n\t\t<\/div><\/div><\/div><\/div>","protected":false},"excerpt":{"rendered":"<p>Les derni\u00e8res nouvelles de l\u2019entreprise Dans un souci constant d\u2019offrir \u00e0 ma client\u00e8le des prestations de qualit\u00e9, j\u2019ai investi ces derni\u00e8res ann\u00e9es dans un tout nouveau site de production. Ce dernier est \u00e9quip\u00e9 des technologies les plus avanc\u00e9es dans le domaine du travail du bois, incluant notamment l\u2019acquisition d\u2019un centre d\u2019usinage CNC 5 axes, gage &hellip; <a href=\"https:\/\/www.mons-placard.be\/index.php\/news\/\" class=\"more-link\">Continuer la lecture de <span class=\"screen-reader-text\">News<\/span>  <span class=\"meta-nav\">&rarr;<\/span><\/a><\/p>\n","protected":false},"author":1,"featured_media":0,"parent":0,"menu_order":0,"comment_status":"closed","ping_status":"closed","template":"page-templates\/full-width.php","meta":{"footnotes":""},"class_list":["post-1710","page","type-page","status-publish","hentry"],"_links":{"self":[{"href":"https:\/\/www.mons-placard.be\/index.php\/wp-json\/wp\/v2\/pages\/1710","targetHints":{"allow":["GET"]}}],"collection":[{"href":"https:\/\/www.mons-placard.be\/index.php\/wp-json\/wp\/v2\/pages"}],"about":[{"href":"https:\/\/www.mons-placard.be\/index.php\/wp-json\/wp\/v2\/types\/page"}],"author":[{"embeddable":true,"href":"https:\/\/www.mons-placard.be\/index.php\/wp-json\/wp\/v2\/users\/1"}],"replies":[{"embeddable":true,"href":"https:\/\/www.mons-placard.be\/index.php\/wp-json\/wp\/v2\/comments?post=1710"}],"version-history":[{"count":3,"href":"https:\/\/www.mons-placard.be\/index.php\/wp-json\/wp\/v2\/pages\/1710\/revisions"}],"predecessor-version":[{"id":1713,"href":"https:\/\/www.mons-placard.be\/index.php\/wp-json\/wp\/v2\/pages\/1710\/revisions\/1713"}],"wp:attachment":[{"href":"https:\/\/www.mons-placard.be\/index.php\/wp-json\/wp\/v2\/media?parent=1710"}],"curies":[{"name":"wp","href":"https:\/\/api.w.org\/{rel}","templated":true}]}}