{"id":31,"date":"2014-12-15T15:20:39","date_gmt":"2014-12-15T15:20:39","guid":{"rendered":"http:\/\/localhost:8888\/wordpress\/?page_id=31"},"modified":"2016-02-21T16:36:15","modified_gmt":"2016-02-21T16:36:15","slug":"accueil","status":"publish","type":"page","link":"https:\/\/www.mons-placard.be\/","title":{"rendered":"Accueil"},"content":{"rendered":"<p style=\"text-align: justify;\"><img loading=\"lazy\" decoding=\"async\" class=\"wp-image-796 size-medium alignleft\" style=\"float: left;\" title=\"Menuisier hainaut placard dressing porte parquet meuble mons\" src=\"http:\/\/www.mons-placard.be\/wp-content\/uploads\/2015\/01\/MD-300x161.jpg\" alt=\"Michel Demori\" width=\"300\" height=\"161\" srcset=\"https:\/\/www.mons-placard.be\/wp-content\/uploads\/2015\/01\/MD-300x161.jpg 300w, https:\/\/www.mons-placard.be\/wp-content\/uploads\/2015\/01\/MD.jpg 800w\" sizes=\"auto, (max-width: 300px) 100vw, 300px\" \/><\/p>\n<p style=\"text-align: justify;\">\n<p style=\"text-align: justify;\"><span style=\"font-family: georgia,serif;\"><span style=\"font-size: 14px;\"><span style=\"color: #808080;\"><em><strong>Si vous envisagez de construire une nouvelle maison ou de r\u00e9nover une ancienne habitation, vous d\u00e9sirez s\u00fbrement optimaliser l&rsquo;espace en utilisant les moindres recoins de surface.<\/strong><\/em><\/span><\/span><\/span><\/p>\n<p>&nbsp;<\/p>\n<p style=\"text-align: justify;\"><span style=\"font-size: 14px;\"><span style=\"font-family: georgia,serif;\"><span style=\"color: #808080;\"><em>Les pi\u00e8ces situ\u00e9es en sous-pentes sont bien souvent destin\u00e9es\u00a0aux chambres ou servent de dressings, mais elles posent tr\u00e8s vite probl\u00e8me pour y installer des meubles hauts destin\u00e9s au rangement. Les placards s&rsquo;av\u00e8rent d\u00e8s lors une solution tr\u00e8s int\u00e9ressante car ils s&rsquo;adaptent \u00e0 tout type d&rsquo;environnement et se d\u00e9clinent dans les versions les plus nombreuses : penderies en tablettes ou tiroirs avec ses multiples accesoires.<\/em><\/span><br \/>\n<span style=\"color: #808080;\"><em>Une pi\u00e8ce enti\u00e8re est parfois consacr\u00e9e au dressing ou demande d&rsquo;\u00eatre, \u00e0 certains moments, coup\u00e9e en deux, l\u00e0 encore, le sur-mesure s&rsquo;impose et les portes coulissantes de grandes dimensions sont id\u00e9ales. A Fl\u00e9nu, vous disposez d&rsquo;un sp\u00e9cialiste en mati\u00e8re de placards. Je suis \u00a0un artisan du bois qui a acquis 24 ans d&rsquo;exp\u00e9rience dans la menuiserie. Fils de menuisier, j&rsquo;ai d\u00e9velopp\u00e9 un savoir-faire d&rsquo;une grande pr\u00e9cision et j&rsquo;ai s\u00e9lectionn\u00e9 les meilleurs produits du march\u00e9 destin\u00e9s \u00e0 la confection de placards.<\/em><\/span><\/span><\/span><\/p>\n<p>&nbsp;<\/p>\n<p><span style=\"font-family: georgia,serif;\"><em>Michel Demori<\/em><\/span><\/p>\n<p><a href=\"http:\/\/www.mons-placard.be\/wp-content\/uploads\/2016\/02\/baniere.png\" rel=\"attachment wp-att-1099\" data-rel=\"lightbox-image-0\" data-rl_title=\"\" data-rl_caption=\"\" title=\"\"><img loading=\"lazy\" decoding=\"async\" class=\"alignnone size-full wp-image-1099\" src=\"http:\/\/www.mons-placard.be\/wp-content\/uploads\/2016\/02\/baniere.png\" alt=\"baniere\" width=\"750\" height=\"125\" srcset=\"https:\/\/www.mons-placard.be\/wp-content\/uploads\/2016\/02\/baniere.png 750w, https:\/\/www.mons-placard.be\/wp-content\/uploads\/2016\/02\/baniere-300x50.png 300w\" sizes=\"auto, (max-width: 750px) 100vw, 750px\" \/><\/a><\/p>\n","protected":false},"excerpt":{"rendered":"<p>Si vous envisagez de construire une nouvelle maison ou de r\u00e9nover une ancienne habitation, vous d\u00e9sirez s\u00fbrement optimaliser l&rsquo;espace en utilisant les moindres recoins de surface. &nbsp; Les pi\u00e8ces situ\u00e9es en sous-pentes sont bien souvent destin\u00e9es\u00a0aux chambres ou servent de dressings, mais elles posent tr\u00e8s vite probl\u00e8me pour y installer des meubles hauts destin\u00e9s au &hellip; <a href=\"https:\/\/www.mons-placard.be\/\" class=\"more-link\">Continuer la lecture de <span class=\"screen-reader-text\">Accueil<\/span>  <span class=\"meta-nav\">&rarr;<\/span><\/a><\/p>\n","protected":false},"author":1,"featured_media":0,"parent":0,"menu_order":0,"comment_status":"closed","ping_status":"open","template":"page-templates\/full-width.php","meta":{"footnotes":""},"class_list":["post-31","page","type-page","status-publish","hentry"],"_links":{"self":[{"href":"https:\/\/www.mons-placard.be\/index.php\/wp-json\/wp\/v2\/pages\/31","targetHints":{"allow":["GET"]}}],"collection":[{"href":"https:\/\/www.mons-placard.be\/index.php\/wp-json\/wp\/v2\/pages"}],"about":[{"href":"https:\/\/www.mons-placard.be\/index.php\/wp-json\/wp\/v2\/types\/page"}],"author":[{"embeddable":true,"href":"https:\/\/www.mons-placard.be\/index.php\/wp-json\/wp\/v2\/users\/1"}],"replies":[{"embeddable":true,"href":"https:\/\/www.mons-placard.be\/index.php\/wp-json\/wp\/v2\/comments?post=31"}],"version-history":[{"count":32,"href":"https:\/\/www.mons-placard.be\/index.php\/wp-json\/wp\/v2\/pages\/31\/revisions"}],"predecessor-version":[{"id":1098,"href":"https:\/\/www.mons-placard.be\/index.php\/wp-json\/wp\/v2\/pages\/31\/revisions\/1098"}],"wp:attachment":[{"href":"https:\/\/www.mons-placard.be\/index.php\/wp-json\/wp\/v2\/media?parent=31"}],"curies":[{"name":"wp","href":"https:\/\/api.w.org\/{rel}","templated":true}]}}