{"id":40,"date":"2014-12-15T15:29:38","date_gmt":"2014-12-15T14:29:38","guid":{"rendered":"http:\/\/localhost:8888\/wordpress\/?page_id=40"},"modified":"2022-12-17T11:49:15","modified_gmt":"2022-12-17T10:49:15","slug":"placards","status":"publish","type":"page","link":"https:\/\/www.mons-placard.be\/index.php\/placards\/","title":{"rendered":"Placards"},"content":{"rendered":"<p><span style=\"font-size: 24px;\"><span style=\"color: #808080;\"><span style=\"font-family: georgia,serif;\"><em>Les placards<\/em><\/span><\/span><\/span><\/p>\n<p style=\"text-align: justify;\"><span style=\"font-size: 14px;\"><span style=\"font-family: georgia,serif;\"><span style=\"color: #808080;\"><i>Le&nbsp;placard a sa place dans n\u2019importe quelle pi\u00e8ce d\u2019une habitation: garde-robe dans la chambre \u00e0 coucher, garde-manger pour la r\u00e9serve des aliments,&nbsp;placard sous un escalier,&nbsp;placard dans une pi\u00e8ce mansard\u00e9e, &#8230;<\/i><\/span><\/span><\/span><\/p>\n<hr>\n<address>&nbsp;<\/address>\n\n\n<div class=\"alignnormal\"><div id=\"metaslider-id-1601\" style=\"max-width: 700px; margin: 0 auto;\" class=\"ml-slider-3-28-0 metaslider metaslider-coin metaslider-1601 ml-slider\">\n    <div id=\"metaslider_container_1601\">\n        <div id='metaslider_1601' class='coin-slider'>\n<a href=\"javascript:void(0)\" target=\"_self\"><img loading=\"lazy\" decoding=\"async\" src=\"https:\/\/www.mons-placard.be\/wp-content\/uploads\/2015\/05\/viceversa-35-5-700x300.jpg\" height=\"300\" width=\"700\" alt=\"\" class=\"slider-1601 slide-1602\" title=\"viceversa-35-5\" style=\"display: none;\" \/><\/a>\n<a href=\"javascript:void(0)\" target=\"_self\"><img loading=\"lazy\" decoding=\"async\" src=\"https:\/\/www.mons-placard.be\/wp-content\/uploads\/2015\/05\/nano-5-700x300.jpg\" height=\"300\" width=\"700\" alt=\"\" class=\"slider-1601 slide-1603\" title=\"nano-5\" style=\"display: none;\" \/><\/a>\n<a href=\"javascript:void(0)\" target=\"_self\"><img loading=\"lazy\" decoding=\"async\" src=\"https:\/\/www.mons-placard.be\/wp-content\/uploads\/2015\/05\/nano-6-700x300.jpg\" height=\"300\" width=\"700\" alt=\"\" class=\"slider-1601 slide-1604\" title=\"nano-6\" style=\"display: none;\" \/><\/a>\n<a href=\"javascript:void(0)\" target=\"_self\"><img loading=\"lazy\" decoding=\"async\" src=\"https:\/\/www.mons-placard.be\/wp-content\/uploads\/2015\/05\/couture-4-700x300.jpg\" height=\"300\" width=\"700\" alt=\"\" class=\"slider-1601 slide-1605\" title=\"couture-4\" style=\"display: none;\" \/><\/a>\n<a href=\"javascript:void(0)\" target=\"_self\"><img loading=\"lazy\" decoding=\"async\" src=\"https:\/\/www.mons-placard.be\/wp-content\/uploads\/2015\/05\/matrix-3-700x300.jpg\" height=\"300\" width=\"700\" alt=\"\" class=\"slider-1601 slide-1606\" title=\"matrix-3\" style=\"display: none;\" \/><\/a>\n<a href=\"javascript:void(0)\" target=\"_self\"><img loading=\"lazy\" decoding=\"async\" src=\"https:\/\/www.mons-placard.be\/wp-content\/uploads\/2015\/05\/couture-5-700x300.jpg\" height=\"300\" width=\"700\" alt=\"\" class=\"slider-1601 slide-1607\" title=\"couture-5\" style=\"display: none;\" \/><\/a>\n<a href=\"javascript:void(0)\" target=\"_self\"><img loading=\"lazy\" decoding=\"async\" src=\"https:\/\/www.mons-placard.be\/wp-content\/uploads\/2015\/05\/couture-2-700x300.jpg\" height=\"300\" width=\"700\" alt=\"\" class=\"slider-1601 slide-1608\" title=\"couture-2\" style=\"display: none;\" \/><\/a>\n        <\/div>\n        \n    <\/div>\n<\/div><\/div>\n","protected":false},"excerpt":{"rendered":"<p>Les placards Le&nbsp;placard a sa place dans n\u2019importe quelle pi\u00e8ce d\u2019une habitation: garde-robe dans la chambre \u00e0 coucher, garde-manger pour la r\u00e9serve des aliments,&nbsp;placard sous un escalier,&nbsp;placard dans une pi\u00e8ce mansard\u00e9e, &#8230; &nbsp;<\/p>\n","protected":false},"author":1,"featured_media":0,"parent":0,"menu_order":0,"comment_status":"closed","ping_status":"closed","template":"page-templates\/full-width.php","meta":{"footnotes":""},"class_list":["post-40","page","type-page","status-publish","hentry"],"_links":{"self":[{"href":"https:\/\/www.mons-placard.be\/index.php\/wp-json\/wp\/v2\/pages\/40","targetHints":{"allow":["GET"]}}],"collection":[{"href":"https:\/\/www.mons-placard.be\/index.php\/wp-json\/wp\/v2\/pages"}],"about":[{"href":"https:\/\/www.mons-placard.be\/index.php\/wp-json\/wp\/v2\/types\/page"}],"author":[{"embeddable":true,"href":"https:\/\/www.mons-placard.be\/index.php\/wp-json\/wp\/v2\/users\/1"}],"replies":[{"embeddable":true,"href":"https:\/\/www.mons-placard.be\/index.php\/wp-json\/wp\/v2\/comments?post=40"}],"version-history":[{"count":46,"href":"https:\/\/www.mons-placard.be\/index.php\/wp-json\/wp\/v2\/pages\/40\/revisions"}],"predecessor-version":[{"id":1609,"href":"https:\/\/www.mons-placard.be\/index.php\/wp-json\/wp\/v2\/pages\/40\/revisions\/1609"}],"wp:attachment":[{"href":"https:\/\/www.mons-placard.be\/index.php\/wp-json\/wp\/v2\/media?parent=40"}],"curies":[{"name":"wp","href":"https:\/\/api.w.org\/{rel}","templated":true}]}}